{"id":378,"date":"2019-12-02T12:12:58","date_gmt":"2019-12-02T11:12:58","guid":{"rendered":"http:\/\/www.charpente-evasion-bois.fr\/?page_id=378"},"modified":"2023-12-04T16:32:34","modified_gmt":"2023-12-04T15:32:34","slug":"mentions-legales","status":"publish","type":"page","link":"https:\/\/www.charpente-evasion-bois.fr\/index.php\/mentions-legales\/","title":{"rendered":"Mentions l\u00e9gales"},"content":{"rendered":"<p>[vc_row css_animation=\u00a0\u00bb\u00a0\u00bb row_type=\u00a0\u00bbrow\u00a0\u00bb use_row_as_full_screen_section=\u00a0\u00bbno\u00a0\u00bb type=\u00a0\u00bbfull_width\u00a0\u00bb angled_section=\u00a0\u00bbno\u00a0\u00bb text_align=\u00a0\u00bbleft\u00a0\u00bb background_image_as_pattern=\u00a0\u00bbwithout_pattern\u00a0\u00bb][vc_column][vc_column_text]<\/p>\n<h3>INFORMATIONS EDITORIALES<\/h3>\n<p><strong>Site<\/strong> : <a title=\"CHARPENTE EVASION BOIS - www.charpente-evasion-bois.fr\" href=\"https:\/\/www.charpente-evasion-bois.fr\">www.charpente-evasion-bois.fr<\/a><br \/>\n<strong>Propri\u00e9taire<\/strong> : CHARPENTE EVASION BOIS<br \/>\n<strong>Adresse du prori\u00e9taire<\/strong> : 33 rue de Bretagne 53230 Coss\u00e9 le Vivien<br \/>\n<strong>N\u00b0 de t\u00e9l\u00e9phone du propri\u00e9taire<\/strong> : 0637085636<\/p>\n<p><strong>SIRET<\/strong> : 829 173 178 00015<\/p>\n<p><strong>Capital<\/strong> : 6 000 \u20ac<\/p>\n<p><strong>N\u00b0 d&rsquo;inscription au RCS<\/strong> : RCS 829 173 178<\/p>\n<p><strong>Responsable de publication<\/strong> : Nicolas Cou\u00e9 \u2013 charpente.evasionbois@gmail.com<br \/>\n<strong>Webmaster<\/strong> : Nicolas Cou\u00e9 \u2013 charpente.evasionbois@naca.fr<br \/>\n<strong>Cr\u00e9ateur du site<\/strong> : <a href=\"http:\/\/www.cqeg.fr\">Studio CQEG<\/a><\/p>\n<h3>NOUS CONTACTER<\/h3>\n<p>CHARPENTE EVASION BOIS vous offre la possibilit\u00e9 de correspondre avec ses services, dans le respect du r\u00e9f\u00e9rentiel Marianne. Cette charte interminist\u00e9rielle vise \u00e0 garantir la qualit\u00e9 de l&rsquo;accueil et promeut des valeurs telles que la courtoisie, l&rsquo;accessibilit\u00e9, la rapidit\u00e9, la clart\u00e9 des r\u00e9ponses mais aussi un esprit d&rsquo;\u00e9coute, de rigueur et de transparence.<\/p>\n<h4>Pour vous aider dans vos \u00e9changes et trouver le bon interlocuteur :<\/h4>\n<ul>\n<li>questions g\u00e9n\u00e9rales, demandes de renseignements ou compl\u00e9ments d&rsquo;information : Nicolas Cou\u00e9 \u2013 charpente.evasionbois@gmail.com<\/li>\n<li>fonctionnement du site, difficult\u00e9s techniques, probl\u00e8me d&rsquo;affichage ou de t\u00e9l\u00e9chargement, remarques et suggestions : Nicolas Cou\u00e9 \u2013 charpente.evasionbois@gmail.com<\/li>\n<\/ul>\n<h3>PRESTATAIRE D&rsquo;HEBERGEMENT<\/h3>\n<p>La politique du site <a title=\"CHARPENTE EVASION BOIS - www.charpente-evasion-bois.fr\" href=\"https:\/\/www.charpente-evasion-bois.fr\">www.charpente-evasion-bois.fr<\/a> est en conformit\u00e9 avec la loi n\u00b02004-575 du 21 juin 2004 pour la confiance dans l&rsquo;\u00e9conomie num\u00e9rique.<\/p>\n<h4>H\u00e9bergement du site :<\/h4>\n<p>OVH<br \/>\n2 rue Kellermann 59100 Roubaix<\/p>\n<h3>CONDITIONS GENERALES D&rsquo;UTILISATION DU SITE ET DES SERVICES PROPOSES<\/h3>\n<p>L\u2019utilisation du site <a title=\"CHARPENTE EVASION BOIS - www.charpente-evasion-bois.fr\" href=\"https:\/\/www.charpente-evasion-bois.fr\">www.charpente-evasion-bois.fr<\/a> implique l\u2019acceptation pleine et enti\u00e8re des conditions g\u00e9n\u00e9rales d\u2019utilisation ci-apr\u00e8s d\u00e9crites. Ces conditions d\u2019utilisation sont susceptibles d\u2019\u00eatre modifi\u00e9es ou compl\u00e9t\u00e9es \u00e0 tout moment, les utilisateurs du site <a title=\"CHARPENTE EVASION BOIS - www.charpente-evasion-bois.fr\" href=\"https:\/\/www.charpente-evasion-bois.fr\">www.charpente-evasion-bois.fr<\/a> sont donc invit\u00e9s \u00e0 les consulter de mani\u00e8re r\u00e9guli\u00e8re.<\/p>\n<p>Ce site est normalement accessible \u00e0 tout moment aux utilisateurs. Une interruption pour raison de maintenance technique peut \u00eatre toutefois d\u00e9cid\u00e9e par CHARPENTE EVASION BOIS, qui s\u2019efforcera alors de communiquer pr\u00e9alablement aux utilisateurs les dates et heures de l\u2019intervention.<\/p>\n<p>Le site <a title=\"CHARPENTE EVASION BOIS - www.charpente-evasion-bois.fr\" href=\"https:\/\/www.charpente-evasion-bois.fr\">www.charpente-evasion-bois.fr<\/a> est mis \u00e0 jour r\u00e9guli\u00e8rement par Nicolas Cou\u00e9. De la m\u00eame fa\u00e7on, les mentions l\u00e9gales peuvent \u00eatre modifi\u00e9es \u00e0 tout moment : elles s\u2019imposent n\u00e9anmoins \u00e0 l\u2019utilisateur qui est invit\u00e9 \u00e0 s\u2019y r\u00e9f\u00e9rer le plus souvent possible afin d\u2019en prendre connaissance.<\/p>\n<h3>LIMITATIONS DE RESPONSABLITES<\/h3>\n<p>CHARPENTE EVASION BOIS ne pourra \u00eatre tenue responsable des dommages directs et indirects caus\u00e9s au mat\u00e9riel de l\u2019utilisateur, lors de l\u2019acc\u00e8s au site <a title=\"CHARPENTE EVASION BOIS - www.charpente-evasion-bois.fr\" href=\"https:\/\/www.charpente-evasion-bois.fr\">www.charpente-evasion-bois.fr<\/a>, et r\u00e9sultant soit de l\u2019utilisation d\u2019un mat\u00e9riel non adapt\u00e9 ou d\u00e9fectueux, soit de l\u2019apparition d\u2019un bug ou d\u2019une incompatibilit\u00e9.<\/p>\n<p>CHARPENTE EVASION BOIS ne pourra \u00e9galement \u00eatre tenue responsable des dommages indirects (tels par exemple qu\u2019une perte de march\u00e9 ou perte d\u2019une chance) cons\u00e9cutifs \u00e0 l\u2019utilisation du site <a title=\"CHARPENTE EVASION BOIS - www.charpente-evasion-bois.fr\" href=\"https:\/\/www.charpente-evasion-bois.fr\">www.charpente-evasion-bois.fr<\/a>.<\/p>\n<p>Des espaces interactifs (possibilit\u00e9 de poser des questions dans l\u2019espace contact) sont \u00e0 la disposition des utilisateurs. CHARPENTE EVASION BOIS se r\u00e9serve le droit de supprimer, sans mise en demeure pr\u00e9alable, tout contenu d\u00e9pos\u00e9 dans cet espace qui contreviendrait \u00e0 la l\u00e9gislation applicable en France, en particulier aux dispositions relatives \u00e0 la protection des donn\u00e9es. Le cas \u00e9ch\u00e9ant, CHARPENTE EVASION BOIS se r\u00e9serve \u00e9galement la possibilit\u00e9 de mettre en cause la responsabilit\u00e9 civile et\/ou p\u00e9nale de l\u2019utilisateur, notamment en cas de message \u00e0 caract\u00e8re raciste, injurieux, diffamant, ou pornographique, quel que soit le support utilis\u00e9 (texte, photographie\u2026).<\/p>\n<h3>POLITIQUE DE CONFIDENTIALITE<\/h3>\n<p>L&rsquo;\u00e9quipe du site <a title=\"CHARPENTE EVASION BOIS - www.charpente-evasion-bois.fr\" href=\"https:\/\/www.charpente-evasion-bois.fr\">www.charpente-evasion-bois.fr<\/a> est particuli\u00e8rement attentive au respect des obligations l\u00e9gales de tout \u00e9diteur de site internet et suit les recommandations de la commission nationale de l&rsquo;informatique et des libert\u00e9s (CNIL).<\/p>\n<h4>Respect des lois en vigueur<\/h4>\n<p>Le site <a title=\"CHARPENTE EVASION BOIS - www.charpente-evasion-bois.fr\" href=\"https:\/\/www.charpente-evasion-bois.fr\">www.charpente-evasion-bois.fr<\/a> respecte la vie priv\u00e9e de l&rsquo;internaute et se conforme strictement aux lois en vigueur sur la protection de la vie priv\u00e9e et des libert\u00e9s individuelles. Aucune information personnelle n&rsquo;est collect\u00e9e \u00e0 votre insu. Aucune information personnelle n&rsquo;est c\u00e9d\u00e9e \u00e0 des tiers. Les courriels, les adresses \u00e9lectroniques ou autres informations nominatives dont ce site est destinataire ne font l&rsquo;objet d&rsquo;aucune exploitation et ne sont conserv\u00e9s que pour la dur\u00e9e n\u00e9cessaire \u00e0 leur traitement.<\/p>\n<h4>D\u00e9claration CNIL<\/h4>\n<p>Le site <a title=\"CHARPENTE EVASION BOIS - www.charpente-evasion-bois.fr\" href=\"https:\/\/www.charpente-evasion-bois.fr\">www.charpente-evasion-bois.fr<\/a> ne g\u00e8re pas de donn\u00e9es personnelles et n&rsquo;a donc pas fait l&rsquo;objet d&rsquo;une d\u00e9claration \u00e0 la CNIL.<\/p>\n<h4>Cookies et donn\u00e9es statistiques : tra\u00e7abilit\u00e9 et profilage<\/h4>\n<p>Lors de leur navigation sur le site, les internautes laissent des traces informatiques. Cet ensemble d&rsquo;informations est recueilli \u00e0 l&rsquo;aide d&rsquo;un t\u00e9moin de connexion appel\u00e9 cookie qui peut contenir des informations \u00e0 caract\u00e8re personnel.<\/p>\n<p>Dans le but d&rsquo;am\u00e9liorer l&rsquo;ergonomie, la navigation au sein du site, le contenu \u00e9ditorial et le service aux internautes, l&rsquo;outil gestionnaire des statistiques du site <a title=\"CHARPENTE EVASION BOIS - www.charpente-evasion-bois.fr\" href=\"https:\/\/www.charpente-evasion-bois.fr\">www.charpente-evasion-bois.fr<\/a> stocke des informations relatives au profil des internautes : \u00e9quipement, navigateur utilis\u00e9, origine g\u00e9ographique des requ\u00eates, date et heure de la connexion, navigation sur le site, fr\u00e9quence des visites, etc. Ces donn\u00e9es de connexion permettent des extractions statistiques et sont conserv\u00e9es pendant un an.<\/p>\n<p>Tout internaute a la possibilit\u00e9 de refuser l&rsquo;enregistrement de ces donn\u00e9es en modifiant la configuration du navigateur de son ordinateur qui autorise ou non l&rsquo;enregistrement de cookies. Il vous est possible de les refuser ou de les supprimer sans que cela ait une quelconque influence sur votre acc\u00e8s aux pages du site. Pour vous opposer \u00e0 l&rsquo;enregistrement de cookies ou \u00eatre pr\u00e9venu avant d&rsquo;accepter les cookies, nous vous recommandons la lecture de la rubrique d&rsquo;aide de votre navigateur qui vous pr\u00e9cisera la marche \u00e0 suivre.<\/p>\n<h4>Contenu embarqu\u00e9 depuis d\u2019autres sites<\/h4>\n<p>Les articles de ce site peuvent inclure des contenus int\u00e9gr\u00e9s (par exemple des vid\u00e9os, images, articles\u2026). Le contenu int\u00e9gr\u00e9 depuis d\u2019autres sites se comporte de la m\u00eame mani\u00e8re que si le visiteur se rendait sur cet autre site.<\/p>\n<p>Ces sites web pourraient collecter des donn\u00e9es sur vous, utiliser des cookies, embarquer des outils de suivis tiers, suivre vos interactions avec ces contenus embarqu\u00e9s si vous disposez d\u2019un compte connect\u00e9 sur leur site web.<\/p>\n<h4>Type de donn\u00e9es personnelles collect\u00e9es<\/h4>\n<p>Nom, T\u00e9l\u00e9phone, Email<\/p>\n<h4>Utilisation de vos donn\u00e9es<\/h4>\n<p>R\u00e9ponse \u00e0 une demande envoy\u00e9e depuis le formulaire de contact<\/p>\n<h4>Dur\u00e9es de stockage de vos donn\u00e9es<\/h4>\n<p>3 ans maximum<\/p>\n<h3>DROITS D&rsquo;AUTEUR ET DROITS DE REPRODUCTION DU CONTENU MIS EN LIGNE<\/h3>\n<h4>Droits de reproduction des documents publics ou officiels<\/h4>\n<p>Depuis la publication de l&rsquo;ordonnance n\u00b0 2005-650 du 6 juin 2005 relative \u00e0 la libert\u00e9 d&rsquo;acc\u00e8s aux documents administratifs et \u00e0 la r\u00e9utilisation des informations publiques, ces informations peuvent \u00eatre r\u00e9utilis\u00e9es \u00e0 d&rsquo;autres fins que celles pour lesquelles elles ont \u00e9t\u00e9 produites, et particuli\u00e8rement les informations faisant l&rsquo;objet d&rsquo;une diffusion publique. Ces documents pr\u00e9vus pour une diffusion publique ne sont couverts par aucun droit d&rsquo;auteur et peuvent donc \u00eatre reproduits librement. Le graphisme, l&rsquo;iconographie ainsi que le contenu \u00e9ditorial demeurent la propri\u00e9t\u00e9 de l&rsquo;\u00c9tat, et, \u00e0 ce titre, font l&rsquo;objet des protections pr\u00e9vues par le Code de la propri\u00e9t\u00e9 intellectuelle.<\/p>\n<p>L&rsquo;article L.122-5 du code de la propri\u00e9t\u00e9 intellectuelle pose le principe selon lequel, \u00ab\u00a0lorsque l&rsquo;oeuvre a \u00e9t\u00e9 divulgu\u00e9e, l&rsquo;auteur ne peut interdire la diffusion, m\u00eame int\u00e9grale, par la voie de presse ou de t\u00e9l\u00e9diffusion, \u00e0 titre d&rsquo;information d&rsquo;actualit\u00e9, des discours destin\u00e9s au public prononc\u00e9s dans les assembl\u00e9es politiques, (&#8230;), ainsi que dans les r\u00e9unions publiques d&rsquo;ordre politique et les c\u00e9r\u00e9monies officielles\u00a0\u00bb.<br \/>\nC&rsquo;est donc le cas notamment pour les discours et interventions publiques qui s&rsquo;apparentent \u00e0 une exception au droit d&rsquo;auteur. De m\u00eame, les documents publics ou officiels tels que les communiqu\u00e9s officiels ne sont couverts par aucun droit d&rsquo;auteur, et peuvent en cons\u00e9quence \u00eatre reproduits librement.<br \/>\nSi la reprise de ces contenus de fa\u00e7on partielle ou int\u00e9grale est autoris\u00e9e, elle doit \u00eatre obligatoirement assortie de la mention du nom de l&rsquo;auteur, de la source, et \u00e9ventuellement d&rsquo;un lien renvoyant vers le document original en ligne sur le site. La mention \u00ab\u00a0\u00a9 CHARPENTE EVASION BOIS &#8211; www.charpente-evasion-bois.fr\u00a0\u00bb devra donc \u00eatre indiqu\u00e9e.<\/p>\n<p>Tous les autres contenus pr\u00e9sents sur le site sont couverts par le droit d&rsquo;auteur. Toute reproduction est d\u00e8s lors conditionn\u00e9e \u00e0 l&rsquo;accord de l&rsquo;auteur en vertu de l&rsquo;article L.122-4 du Code de la propri\u00e9t\u00e9 Intellectuelle.<br \/>\nLes informations reproduites ne doivent l&rsquo;\u00eatre qu&rsquo;\u00e0 des fins personnelles, associatives ou professionnelles ; toute diffusion ou utilisation \u00e0 des fins commerciales ou publicitaires \u00e9tant interdites.<\/p>\n<h4>Demande d&rsquo;autorisation de reproduction des contenus<\/h4>\n<p>La demande devra pr\u00e9ciser le contenu vis\u00e9 ainsi que la publication ou le site sur lequel ce dernier figurera. Une fois cette autorisation obtenue, la reproduction d&rsquo;un contenu doit ob\u00e9ir aux principes suivants :<\/p>\n<ul>\n<li>gratuit\u00e9 de la diffusion<\/li>\n<li>respect de l&rsquo;int\u00e9grit\u00e9 des documents reproduits (aucune modification, ni alt\u00e9ration d&rsquo;aucune sorte)<\/li>\n<li>mention obligatoire : \u00ab\u00a0\u00a9 CHARPENTE EVASION BOIS &#8211; www.charpente-evasion-bois.fr &#8211; droits r\u00e9serv\u00e9s\u00a0\u00bb. Cette mention pointera gr\u00e2ce \u00e0 un lien hypertexte directement sur le contenu<\/li>\n<li>insertion d&rsquo;une ic\u00f4ne repr\u00e9sentant le site internet<\/li>\n<\/ul>\n<p>Les organismes sous tutelle ainsi que les autres minist\u00e8res sont dispens\u00e9s de cette demande d&rsquo;autorisation sous r\u00e9serve d&rsquo;insertion de la mention : \u00ab\u00a0\u00a9 CHARPENTE EVASION BOIS &#8211; www.charpente-evasion-bois.fr &#8211; droits r\u00e9serv\u00e9s\u00a0\u00bb. Cette mention pointera gr\u00e2ce \u00e0 un lien hypertexte directement sur le contenu.<\/p>\n<h3>RESPONSABILITE FACE AUX LIENS VERS D&rsquo;AUTRES SITES<\/h3>\n<p>Le site <a title=\"CHARPENTE EVASION BOIS - www.charpente-evasion-bois.fr\" href=\"https:\/\/www.charpente-evasion-bois.fr\">www.charpente-evasion-bois.fr<\/a> propose de nombreux liens vers d&rsquo;autres sites, essentiellement des sites officiels (gouvernement, institutions, organismes publics, etc.) mais aussi vers des sites, fran\u00e7ais ou \u00e9trangers, d&rsquo;associations, d&rsquo;organismes professionnels du secteur \u00e9ducatif ou d&rsquo;entreprises partenaires sur des op\u00e9rations ponctuelles.<\/p>\n<p>Chaque fois, il est syst\u00e9matiquement pr\u00e9cis\u00e9 vers quel site nous vous proposons d&rsquo;aller. Ces pages, dont les adresses sont r\u00e9guli\u00e8rement v\u00e9rifi\u00e9es, ne font pas partie du site <a title=\"CHARPENTE EVASION BOIS - www.charpente-evasion-bois.fr\" href=\"https:\/\/www.charpente-evasion-bois.fr\">www.charpente-evasion-bois.fr<\/a> : elles n&rsquo;engagent pas la responsabilit\u00e9 de la r\u00e9daction du site qui ne peut \u00eatre tenue pour responsable des contenus vers lesquels ces liens pointent. Ils ne visent qu&rsquo;\u00e0 permettre \u00e0 l&rsquo;internaute d&rsquo;acc\u00e9der plus facilement \u00e0 d&rsquo;autres ressources documentaires sur le sujet consult\u00e9.<\/p>\n<h3>DEMANDE DE CREATION DE LIENS<\/h3>\n<h4>Cr\u00e9ation de liens vers le site <a title=\"CHARPENTE EVASION BOIS - www.charpente-evasion-bois.fr\" href=\"https:\/\/www.charpente-evasion-bois.fr\">www.charpente-evasion-bois.fr<\/a><\/h4>\n<p>Le site <a title=\"CHARPENTE EVASION BOIS - www.charpente-evasion-bois.fr\" href=\"https:\/\/www.charpente-evasion-bois.fr\">www.charpente-evasion-bois.fr<\/a> autorise, sans autorisation pr\u00e9alable, la mise en place de liens hypertextes pointant vers ses pages, sous r\u00e9serve de :<\/p>\n<ul>\n<li>ne pas utiliser la technique du lien profond, c&rsquo;est-\u00e0-dire que les pages du site <a title=\"CHARPENTE EVASION BOIS - www.charpente-evasion-bois.fr\" href=\"https:\/\/www.charpente-evasion-bois.fr\">www.charpente-evasion-bois.fr<\/a> ne doivent pas \u00eatre imbriqu\u00e9es \u00e0 l&rsquo;int\u00e9rieur des pages d&rsquo;un autre site, mais visibles par l&rsquo;ouverture d&rsquo;une fen\u00eatre ind\u00e9pendante<\/li>\n<li>mentionner la source qui pointera gr\u00e2ce \u00e0 un lien hypertexte directement sur le contenu vis\u00e9<\/li>\n<\/ul>\n<p>Les sites qui font le choix de pointer vers <a title=\"CHARPENTE EVASION BOIS - www.charpente-evasion-bois.fr\" href=\"https:\/\/www.charpente-evasion-bois.fr\">www.charpente-evasion-bois.fr<\/a> engagent leur responsabilit\u00e9 d\u00e8s lors qu&rsquo;ils porteraient atteinte \u00e0 l&rsquo;image du site public.<\/p>\n<h3>DROIT APPLICABLE ET ATTRIBUTION DE JURIDICTION<\/h3>\n<p>Tout litige en relation avec l\u2019utilisation du site <a title=\"CHARPENTE EVASION BOIS - www.charpente-evasion-bois.fr\" href=\"https:\/\/www.charpente-evasion-bois.fr\">www.charpente-evasion-bois.fr<\/a> est soumis au droit fran\u00e7ais. Il est fait attribution exclusive de juridiction aux tribunaux comp\u00e9tents de Paris.<\/p>\n<h3>ACCESSIBILITE DU SITE<\/h3>\n<p>Un soin tout particulier est pris pour rendre le site internet <a title=\"CHARPENTE EVASION BOIS - www.charpente-evasion-bois.fr\" href=\"https:\/\/www.charpente-evasion-bois.fr\">www.charpente-evasion-bois.fr<\/a> le plus accessible possible, et tout particuli\u00e8rement aux personnes ayant un handicap visuel. Les pages sont mises progressivement en conformit\u00e9 avec les recommandations du r\u00e9f\u00e9rentiel commun des crit\u00e8res d&rsquo;accessibilit\u00e9 des services Internet de l&rsquo;administration fran\u00e7aise pour respecter la loi n\u00b02005-102 du 11 f\u00e9vrier 2005 pour l&rsquo;\u00e9galit\u00e9 des droits et des chances, la participation et la citoyennet\u00e9 des personnes handicap\u00e9es.<\/p>\n<h3>CREDITS<\/h3>\n<p>Ces mentions l\u00e9gales ont \u00e9t\u00e9s offertes par LaFabrique2Sites.[\/vc_column_text][\/vc_column][\/vc_row]<\/p>\n","protected":false},"excerpt":{"rendered":"<p>[vc_row css_animation=\u00a0\u00bb\u00a0\u00bb row_type=\u00a0\u00bbrow\u00a0\u00bb use_row_as_full_screen_section=\u00a0\u00bbno\u00a0\u00bb type=\u00a0\u00bbfull_width\u00a0\u00bb angled_section=\u00a0\u00bbno\u00a0\u00bb text_align=\u00a0\u00bbleft\u00a0\u00bb background_image_as_pattern=\u00a0\u00bbwithout_pattern\u00a0\u00bb][vc_column][vc_column_text] INFORMATIONS EDITORIALES Site : www.charpente-evasion-bois.fr Propri\u00e9taire : CHARPENTE EVASION BOIS Adresse du prori\u00e9taire : 33 rue de Bretagne 53230 Coss\u00e9 le Vivien N\u00b0 de t\u00e9l\u00e9phone du propri\u00e9taire : 0637085636 SIRET : 829 173 178 00015 Capital :&#8230;<\/p>\n","protected":false},"author":1,"featured_media":0,"parent":0,"menu_order":0,"comment_status":"closed","ping_status":"closed","template":"","meta":{"footnotes":""},"class_list":["post-378","page","type-page","status-publish","hentry"],"_links":{"self":[{"href":"https:\/\/www.charpente-evasion-bois.fr\/index.php\/wp-json\/wp\/v2\/pages\/378","targetHints":{"allow":["GET"]}}],"collection":[{"href":"https:\/\/www.charpente-evasion-bois.fr\/index.php\/wp-json\/wp\/v2\/pages"}],"about":[{"href":"https:\/\/www.charpente-evasion-bois.fr\/index.php\/wp-json\/wp\/v2\/types\/page"}],"author":[{"embeddable":true,"href":"https:\/\/www.charpente-evasion-bois.fr\/index.php\/wp-json\/wp\/v2\/users\/1"}],"replies":[{"embeddable":true,"href":"https:\/\/www.charpente-evasion-bois.fr\/index.php\/wp-json\/wp\/v2\/comments?post=378"}],"version-history":[{"count":3,"href":"https:\/\/www.charpente-evasion-bois.fr\/index.php\/wp-json\/wp\/v2\/pages\/378\/revisions"}],"predecessor-version":[{"id":404,"href":"https:\/\/www.charpente-evasion-bois.fr\/index.php\/wp-json\/wp\/v2\/pages\/378\/revisions\/404"}],"wp:attachment":[{"href":"https:\/\/www.charpente-evasion-bois.fr\/index.php\/wp-json\/wp\/v2\/media?parent=378"}],"curies":[{"name":"wp","href":"https:\/\/api.w.org\/{rel}","templated":true}]}}